{"id":1403,"date":"2025-11-16T17:27:51","date_gmt":"2025-11-16T17:27:51","guid":{"rendered":"https:\/\/alfredocino.it\/Consulente-Specializzato\/?page_id=1403"},"modified":"2025-11-16T17:41:47","modified_gmt":"2025-11-16T17:41:47","slug":"aumento-ricavi-villa","status":"publish","type":"page","link":"https:\/\/alfredocino.it\/Consulente-Specializzato\/progetti-realizzati\/aumento-ricavi-villa\/","title":{"rendered":"Aumento Ricavi Villa: Da 0 a 37.600\u20ac (+118%) | Alfredo Cino"},"content":{"rendered":"<p>[et_pb_section fb_built=&#8221;1&#8243; fullwidth=&#8221;on&#8221; admin_label=&#8221;Hero Section&#8221; _builder_version=&#8221;4.16&#8243; global_colors_info=&#8221;{}&#8221;][et_pb_fullwidth_header title=&#8221;Da Zero a 37.600\u20ac: La Creazione di un Mercato per una Villa (+118%)&#8221; subhead=&#8221;Struttura: Villa&#8221; background_overlay_color=&#8221;rgba(0,0,0,0.8)&#8221; content_max_width=&#8221;550px&#8221; title_tablet=&#8221;Da Zero a 37.600\u20ac: La Creazione di un Mercato per una Villa (+118%)&#8221; title_phone=&#8221;Da Zero a 37.600\u20ac: La Creazione di un Mercato per una Villa (+118%)&#8221; title_last_edited=&#8221;on|phone&#8221; subhead_tablet=&#8221;Struttura: Villa&#8221; subhead_phone=&#8221;Struttura: Villa&#8221; subhead_last_edited=&#8221;on|tablet&#8221; disabled_on=&#8221;on|on|off&#8221; _builder_version=&#8221;4.21.0&#8243; title_font=&#8221;Poppins|700||on|||||&#8221; title_text_color=&#8221;#edbb5f&#8221; title_font_size=&#8221;14px&#8221; title_letter_spacing=&#8221;2px&#8221; title_line_height=&#8221;1.4em&#8221; content_font=&#8221;Poppins||||||||&#8221; content_font_size=&#8221;16px&#8221; content_letter_spacing=&#8221;1px&#8221; content_line_height=&#8221;2em&#8221; subhead_font=&#8221;Playfair Display|700||||on|||&#8221; subhead_font_size=&#8221;48px&#8221; subhead_letter_spacing=&#8221;3px&#8221; subhead_line_height=&#8221;1.4em&#8221; background_color=&#8221;#FFFFFF&#8221; background_image=&#8221;https:\/\/alfredocino.it\/Consulente-Specializzato\/wp-content\/uploads\/2025\/05\/Grafico1.png&#8221; parallax=&#8221;on&#8221; parallax_method=&#8221;on&#8221; custom_button_one=&#8221;on&#8221; button_one_border_width=&#8221;1px&#8221; button_one_border_color=&#8221;rgba(255,255,255,0.3)&#8221; button_one_border_radius=&#8221;0px&#8221; button_one_letter_spacing=&#8221;1px&#8221; button_one_font=&#8221;Saira Extra Condensed|600||on|||||&#8221; button_one_icon=&#8221;&#x24;||divi||400&#8243; button_one_icon_color=&#8221;#edbb5f&#8221; custom_button_two=&#8221;on&#8221; button_two_border_width=&#8221;1px&#8221; button_two_border_color=&#8221;rgba(255,255,255,0.3)&#8221; button_two_border_radius=&#8221;0px&#8221; button_two_letter_spacing=&#8221;1px&#8221; button_two_font=&#8221;Saira Extra Condensed|600||on|||||&#8221; button_two_icon=&#8221;&#x24;||divi||400&#8243; button_two_icon_color=&#8221;#edbb5f&#8221; module_alignment=&#8221;right&#8221; custom_margin=&#8221;|||&#8221; custom_padding=&#8221;8%||8%|&#8221; background_last_edited=&#8221;on|desktop&#8221; button_one_text_color_hover=&#8221;#edbb5f&#8221; button_two_text_color_hover=&#8221;#edbb5f&#8221; button_one_bg_color_hover=&#8221;rgba(0,0,0,0)&#8221; button_two_bg_color_hover=&#8221;rgba(0,0,0,0)&#8221; global_colors_info=&#8221;{}&#8221; button_one_text_size__hover_enabled=&#8221;off&#8221; button_two_text_size__hover_enabled=&#8221;off&#8221; button_one_text_color__hover_enabled=&#8221;on&#8221; button_one_text_color__hover=&#8221;#edbb5f&#8221; button_two_text_color__hover_enabled=&#8221;on&#8221; button_two_text_color__hover=&#8221;#edbb5f&#8221; button_one_border_width__hover_enabled=&#8221;off&#8221; button_two_border_width__hover_enabled=&#8221;off&#8221; button_one_border_color__hover_enabled=&#8221;off&#8221; button_two_border_color__hover_enabled=&#8221;off&#8221; button_one_border_radius__hover_enabled=&#8221;off&#8221; button_two_border_radius__hover_enabled=&#8221;off&#8221; button_one_letter_spacing__hover_enabled=&#8221;off&#8221; button_two_letter_spacing__hover_enabled=&#8221;off&#8221; button_one_bg_color__hover_enabled=&#8221;on&#8221; button_one_bg_color__hover=&#8221;rgba(0,0,0,0)&#8221; button_two_bg_color__hover_enabled=&#8221;on&#8221; button_two_bg_color__hover=&#8221;rgba(0,0,0,0)&#8221;][\/et_pb_fullwidth_header][\/et_pb_section][et_pb_section fb_built=&#8221;1&#8243; admin_label=&#8221;Introduction&#8221; _builder_version=&#8221;4.16&#8243; custom_margin=&#8221;|||&#8221; custom_padding=&#8221;99px|0px|121px|0px||&#8221; global_colors_info=&#8221;{}&#8221;][et_pb_row _builder_version=&#8221;4.21.0&#8243; _module_preset=&#8221;default&#8221; global_colors_info=&#8221;{}&#8221;][et_pb_column type=&#8221;4_4&#8243; _builder_version=&#8221;4.21.0&#8243; _module_preset=&#8221;default&#8221; global_colors_info=&#8221;{}&#8221;][et_pb_text _builder_version=&#8221;4.21.0&#8243; _module_preset=&#8221;default&#8221; header_2_font=&#8221;|700|||||||&#8221; header_2_font_size=&#8221;36px&#8221; global_colors_info=&#8221;{}&#8221;]<\/p>\n<h2>+118% Ricavi: da 17 a 37.000\u20ac in 3 stagioni.<\/h2>\n<h3><\/h3>\n<h3>Il Profilo<\/h3>\n<ul data-path-to-node=\"8\">\n<li>\n<p data-path-to-node=\"8,0,0\"><b>Struttura:<\/b> Villa con Piscina (nuova sul mercato)<\/p>\n<\/li>\n<li>\n<p data-path-to-node=\"8,1,0\"><b>Location:<\/b> Territorio ad alta vocazione turistica (Salento)<\/p>\n<\/li>\n<li>\n<p data-path-to-node=\"8,2,0\"><b>Status:<\/b> Start-up (prima stagione in assoluto)<\/p>\n<\/li>\n<\/ul>\n<h3>La Sfida<\/h3>\n<p data-path-to-node=\"9\">Quando sono stato contattato (a ridosso della prima stagione), la propriet\u00e0 non era <b>mai stata affittata<\/b>. I proprietari avevano un doppio ostacolo:<\/p>\n<ol start=\"1\" data-path-to-node=\"10\">\n<li>\n<p data-path-to-node=\"10,0,0\"><b>Il Timore:<\/b> L&#8217;incertezza sull&#8217;effettiva riuscita del progetto era alta.<\/p>\n<\/li>\n<li>\n<p data-path-to-node=\"10,1,0\"><b>Aspettative Distorte:<\/b> Le loro attese (circa 50.000\u20ac) erano basate su quelle di concorrenti presenti sul mercato da 25 anni, un obiettivo irrealistico per il primo anno.<\/p>\n<\/li>\n<\/ol>\n<p data-path-to-node=\"11\">La sfida non era solo tecnica, ma soprattutto strategica: <b>gestire la mentalit\u00e0<\/b> del cliente, costruire fiducia e creare un mercato da zero.<\/p>\n<h3>L&#8217;Intervento<\/h3>\n<p data-path-to-node=\"13\">Abbiamo scartato l&#8217;idea di &#8220;tutto e subito&#8221; e impostato un piano strategico triennale. Il mio ruolo \u00e8 stato totale: dal setup burocratico alla vendita.<\/p>\n<p data-path-to-node=\"14\">Le azioni chiave sono state:<\/p>\n<ul data-path-to-node=\"15\">\n<li>\n<p data-path-to-node=\"15,0,0\"><b>Consulenza Strategica e Mentoring:<\/b> Ho lavorato a stretto contatto con i proprietari per definire obiettivi <i>realistici<\/i>. Abbiamo &#8220;creato il mercato&#8221; con i giusti tempi, facendo digerire i costi delle commissioni OTA e lavorando sulla mentalit\u00e0 dell&#8217;ospitalit\u00e0 (flessibilit\u00e0, cura del cliente, gestione della vivibilit\u00e0 della villa).<\/p>\n<\/li>\n<li>\n<p data-path-to-node=\"15,1,0\"><b>Setup Burocratico e Operativo:<\/b> Mi sono occupato di tutte le pratiche di apertura, sia per gli obblighi di legge sia per l&#8217;attivazione dei canali di vendita.<\/p>\n<\/li>\n<li>\n<p data-path-to-node=\"15,2,0\"><b>Costruzione dell&#8217;Ecosistema Digitale:<\/b><\/p>\n<ul data-path-to-node=\"15,2,1\">\n<li>\n<p data-path-to-node=\"15,2,1,0,0\">Realizzazione del <b>sito web professionale<\/b> (Italiano e Inglese).<\/p>\n<\/li>\n<li>\n<p data-path-to-node=\"15,2,1,1,0\">Integrazione di un <b>Booking Engine<\/b> e di un <b>CRM con preventivatore<\/b> per la vendita diretta.<\/p>\n<\/li>\n<li>\n<p data-path-to-node=\"15,2,1,2,0\">Creazione e gestione dei profili social (FB\/Instagram) per generare traffico qualificato.<\/p>\n<\/li>\n<li>Gestione del profilo Google My Business.<\/li>\n<\/ul>\n<\/li>\n<li>\n<p data-path-to-node=\"15,3,0\"><b>Implementazione del Controllo di Gestione:<\/b> Abbiamo attivato un sistema dettagliato per tracciare ogni costo e ogni ricavo, uscendo dalla logica del &#8220;<strong>si vede a fine anno<\/strong>&#8220;.<\/p>\n<\/li>\n<\/ul>\n<h3>I Risultati<\/h3>\n<p data-path-to-node=\"17\">La strategia a lungo termine ha pagato, trasformando la paura iniziale in un successo misurabile e in una collaborazione che dura da 3 anni.<\/p>\n<ul data-path-to-node=\"18\">\n<li>\n<p data-path-to-node=\"18,0,0\"><b>Dallo Zero al Successo:<\/b> La prima stagione si \u00e8 chiusa a <b>17.000\u20ac<\/b>, superando lo scetticismo iniziale e dimostrando la validit\u00e0 del percorso.<\/p>\n<\/li>\n<li>\n<p data-path-to-node=\"18,1,0\"><b>Crescita Esponenziale:<\/b> Nell&#8217;ultima stagione (2025), il fatturato ha raggiunto i <b>37.600\u20ac<\/b>.<\/p>\n<\/li>\n<li>\n<p data-path-to-node=\"18,2,0\"><b>Performance Totale: +118% di Ricavi<\/b> in 3 stagioni.<\/p>\n<\/li>\n<li>\n<p data-path-to-node=\"18,3,0\"><b>Futuro Definito:<\/b> La partnership continua con un nuovo obiettivo di fatturato per il 2026 fissato a <b>42.000\u20ac<\/b>.<\/p>\n<\/li>\n<\/ul>\n<p>[\/et_pb_text][\/et_pb_column][\/et_pb_row][et_pb_row _builder_version=&#8221;4.21.0&#8243; _module_preset=&#8221;default&#8221; global_colors_info=&#8221;{}&#8221;][et_pb_column type=&#8221;4_4&#8243; _builder_version=&#8221;4.21.0&#8243; _module_preset=&#8221;default&#8221; global_colors_info=&#8221;{}&#8221;][et_pb_divider _builder_version=&#8221;4.21.0&#8243; _module_preset=&#8221;default&#8221; global_colors_info=&#8221;{}&#8221;][\/et_pb_divider][\/et_pb_column][\/et_pb_row][et_pb_row _builder_version=&#8221;4.21.0&#8243; _module_preset=&#8221;default&#8221; global_colors_info=&#8221;{}&#8221;][et_pb_column type=&#8221;4_4&#8243; _builder_version=&#8221;4.21.0&#8243; _module_preset=&#8221;default&#8221; global_colors_info=&#8221;{}&#8221;][et_pb_cta title=&#8221;Analisi della tua Struttura.&#8221; button_url=&#8221;#Contatti&#8221; button_text=&#8221;Contattami adesso&#8221; _builder_version=&#8221;4.21.0&#8243; _module_preset=&#8221;default&#8221; header_font=&#8221;|700||||on|||&#8221; header_text_color=&#8221;#E09900&#8243; background_color=&#8221;#FFFFFF&#8221; custom_button=&#8221;on&#8221; button_font=&#8221;|700|||||||&#8221; background_layout=&#8221;light&#8221; width=&#8221;49%&#8221; max_width=&#8221;49%&#8221; module_alignment=&#8221;center&#8221; link_option_url=&#8221;#Contatti&#8221; border_width_all=&#8221;2px&#8221; border_color_all=&#8221;#FFFFFF&#8221; box_shadow_style=&#8221;preset3&#8243; box_shadow_blur=&#8221;12px&#8221; global_colors_info=&#8221;{}&#8221;]<\/p>\n<p>Hai bisogno di supporto per analizzare i dati e sviluppare una strategia di Revenue Management Efficace? <strong>Contattami per una Prima Consulenza Gratuita.<\/strong><\/p>\n<p>[\/et_pb_cta][\/et_pb_column][\/et_pb_row][et_pb_row _builder_version=&#8221;4.21.0&#8243; _module_preset=&#8221;default&#8221; global_colors_info=&#8221;{}&#8221;][et_pb_column type=&#8221;4_4&#8243; _builder_version=&#8221;4.21.0&#8243; _module_preset=&#8221;default&#8221; global_colors_info=&#8221;{}&#8221;][et_pb_divider _builder_version=&#8221;4.21.0&#8243; _module_preset=&#8221;default&#8221; global_colors_info=&#8221;{}&#8221;][\/et_pb_divider][\/et_pb_column][\/et_pb_row][\/et_pb_section][et_pb_section fb_built=&#8221;1&#8243; admin_label=&#8221;Problem and Solution&#8221; _builder_version=&#8221;4.16&#8243; background_color=&#8221;#282828&#8243; custom_padding=&#8221;100px|0px|100px|0px&#8221; global_colors_info=&#8221;{}&#8221;][et_pb_row use_custom_gutter=&#8221;on&#8221; gutter_width=&#8221;4&#8243; _builder_version=&#8221;4.16&#8243; animation_style=&#8221;fade&#8221; locked=&#8221;off&#8221; global_colors_info=&#8221;{}&#8221;][et_pb_column type=&#8221;4_4&#8243; _builder_version=&#8221;4.16&#8243; custom_padding=&#8221;|||&#8221; global_colors_info=&#8221;{}&#8221; custom_padding__hover=&#8221;|||&#8221;][et_pb_divider color=&#8221;#edbb5f&#8221; divider_weight=&#8221;2px&#8221; _builder_version=&#8221;4.16&#8243; max_width=&#8221;60px&#8221; module_alignment=&#8221;center&#8221; height=&#8221;2px&#8221; global_colors_info=&#8221;{}&#8221;][\/et_pb_divider][\/et_pb_column][\/et_pb_row][et_pb_row admin_label=&#8221;Stats&#8221; _builder_version=&#8221;4.16&#8243; custom_margin=&#8221;4%|||&#8221; custom_padding=&#8221;|||&#8221; global_colors_info=&#8221;{}&#8221;][et_pb_column type=&#8221;4_4&#8243; _builder_version=&#8221;4.16&#8243; custom_padding=&#8221;|||&#8221; global_colors_info=&#8221;{}&#8221; custom_padding__hover=&#8221;|||&#8221;][et_pb_text _builder_version=&#8221;4.21.0&#8243; _module_preset=&#8221;default&#8221; text_font=&#8221;Baskervville||||||||&#8221; text_text_color=&#8221;#E09900&#8243; text_font_size=&#8221;27px&#8221; hover_enabled=&#8221;0&#8243; global_colors_info=&#8221;{}&#8221; sticky_enabled=&#8221;0&#8243;]<\/p>\n<p style=\"text-align: center;\">Autonomia o Strategia? Scegli il successo che dura.<\/p>\n<p>[\/et_pb_text][\/et_pb_column][\/et_pb_row][et_pb_row use_custom_gutter=&#8221;on&#8221; gutter_width=&#8221;4&#8243; _builder_version=&#8221;4.16&#8243; animation_style=&#8221;fade&#8221; locked=&#8221;off&#8221; global_colors_info=&#8221;{}&#8221;][et_pb_column type=&#8221;4_4&#8243; _builder_version=&#8221;4.16&#8243; custom_padding=&#8221;|||&#8221; global_colors_info=&#8221;{}&#8221; custom_padding__hover=&#8221;|||&#8221;][et_pb_divider color=&#8221;#edbb5f&#8221; divider_weight=&#8221;2px&#8221; _builder_version=&#8221;4.16&#8243; max_width=&#8221;60px&#8221; module_alignment=&#8221;center&#8221; height=&#8221;2px&#8221; global_colors_info=&#8221;{}&#8221;][\/et_pb_divider][\/et_pb_column][\/et_pb_row][\/et_pb_section]<\/p>\n","protected":false},"excerpt":{"rendered":"<p>+118% Ricavi: da 17 a 37.000\u20ac in 3 stagioni. Il Profilo Struttura: Villa con Piscina (nuova sul mercato) Location: Territorio ad alta vocazione turistica (Salento) Status: Start-up (prima stagione in assoluto) La Sfida Quando sono stato contattato (a ridosso della prima stagione), la propriet\u00e0 non era mai stata affittata. I proprietari avevano un doppio ostacolo: [&hellip;]<\/p>\n","protected":false},"author":1,"featured_media":0,"parent":1382,"menu_order":0,"comment_status":"closed","ping_status":"closed","template":"","meta":{"_et_pb_use_builder":"on","_et_pb_old_content":"","_et_gb_content_width":"","footnotes":""},"class_list":["post-1403","page","type-page","status-publish","hentry"],"yoast_head":"<!-- This site is optimized with the Yoast SEO plugin v27.3 - https:\/\/yoast.com\/product\/yoast-seo-wordpress\/ -->\n<title>Aumento Ricavi Villa: Da 0 a 37.600\u20ac (+118%) | Alfredo Cino<\/title>\n<meta name=\"description\" content=\"Scopri come una villa partita da zero ha raggiunto 37.600\u20ac di ricavi (+118%) in 3 stagioni. Un caso studio di consulenza strategica e startup\" \/>\n<meta name=\"robots\" content=\"index, follow, max-snippet:-1, max-image-preview:large, max-video-preview:-1\" \/>\n<link rel=\"canonical\" href=\"https:\/\/alfredocino.it\/Consulente-Specializzato\/progetti-realizzati\/aumento-ricavi-villa\/\" \/>\n<meta property=\"og:locale\" content=\"it_IT\" \/>\n<meta property=\"og:type\" content=\"article\" \/>\n<meta property=\"og:title\" content=\"Aumento Ricavi Villa: Da 0 a 37.600\u20ac (+118%) | Alfredo Cino\" \/>\n<meta property=\"og:description\" content=\"Scopri come una villa partita da zero ha raggiunto 37.600\u20ac di ricavi (+118%) in 3 stagioni. Un caso studio di consulenza strategica e startup\" \/>\n<meta property=\"og:url\" content=\"https:\/\/alfredocino.it\/Consulente-Specializzato\/progetti-realizzati\/aumento-ricavi-villa\/\" \/>\n<meta property=\"og:site_name\" content=\"Alfredo Cino Consulenza Specializzata in Hospitality\" \/>\n<meta property=\"article:modified_time\" content=\"2025-11-16T17:41:47+00:00\" \/>\n<meta property=\"og:image\" content=\"https:\/\/alfredocino.it\/Consulente-Specializzato\/wp-content\/uploads\/2024\/05\/Garbage_In-e1737384297670.jpg\" \/>\n\t<meta property=\"og:image:width\" content=\"800\" \/>\n\t<meta property=\"og:image:height\" content=\"426\" \/>\n\t<meta property=\"og:image:type\" content=\"image\/jpeg\" \/>\n<meta name=\"twitter:card\" content=\"summary_large_image\" \/>\n<meta name=\"twitter:label1\" content=\"Tempo di lettura stimato\" \/>\n\t<meta name=\"twitter:data1\" content=\"3 minuti\" \/>\n<script type=\"application\/ld+json\" class=\"yoast-schema-graph\">{\"@context\":\"https:\\\/\\\/schema.org\",\"@graph\":[{\"@type\":\"WebPage\",\"@id\":\"https:\\\/\\\/alfredocino.it\\\/Consulente-Specializzato\\\/progetti-realizzati\\\/aumento-ricavi-villa\\\/\",\"url\":\"https:\\\/\\\/alfredocino.it\\\/Consulente-Specializzato\\\/progetti-realizzati\\\/aumento-ricavi-villa\\\/\",\"name\":\"Aumento Ricavi Villa: Da 0 a 37.600\u20ac (+118%) | Alfredo Cino\",\"isPartOf\":{\"@id\":\"https:\\\/\\\/alfredocino.it\\\/Consulente-Specializzato\\\/#website\"},\"datePublished\":\"2025-11-16T17:27:51+00:00\",\"dateModified\":\"2025-11-16T17:41:47+00:00\",\"description\":\"Scopri come una villa partita da zero ha raggiunto 37.600\u20ac di ricavi (+118%) in 3 stagioni. Un caso studio di consulenza strategica e startup\",\"breadcrumb\":{\"@id\":\"https:\\\/\\\/alfredocino.it\\\/Consulente-Specializzato\\\/progetti-realizzati\\\/aumento-ricavi-villa\\\/#breadcrumb\"},\"inLanguage\":\"it-IT\",\"potentialAction\":[{\"@type\":\"ReadAction\",\"target\":[\"https:\\\/\\\/alfredocino.it\\\/Consulente-Specializzato\\\/progetti-realizzati\\\/aumento-ricavi-villa\\\/\"]}]},{\"@type\":\"BreadcrumbList\",\"@id\":\"https:\\\/\\\/alfredocino.it\\\/Consulente-Specializzato\\\/progetti-realizzati\\\/aumento-ricavi-villa\\\/#breadcrumb\",\"itemListElement\":[{\"@type\":\"ListItem\",\"position\":1,\"name\":\"Home\",\"item\":\"https:\\\/\\\/alfredocino.it\\\/Consulente-Specializzato\\\/\"},{\"@type\":\"ListItem\",\"position\":2,\"name\":\"Casi Studio: Risultati Concreti per Hotel e B&#038;B\",\"item\":\"https:\\\/\\\/alfredocino.it\\\/Consulente-Specializzato\\\/progetti-realizzati\\\/\"},{\"@type\":\"ListItem\",\"position\":3,\"name\":\"Aumento Ricavi Villa: Da 0 a 37.600\u20ac (+118%) | Alfredo Cino\"}]},{\"@type\":\"WebSite\",\"@id\":\"https:\\\/\\\/alfredocino.it\\\/Consulente-Specializzato\\\/#website\",\"url\":\"https:\\\/\\\/alfredocino.it\\\/Consulente-Specializzato\\\/\",\"name\":\"Alfredo Cino Consulenze Revenue Management Extra Alberghiero\",\"description\":\"Commercializzazione e analisi? Lascia fare a me. Tu pensa ad accogliere i tuoi clienti.\",\"publisher\":{\"@id\":\"https:\\\/\\\/alfredocino.it\\\/Consulente-Specializzato\\\/#\\\/schema\\\/person\\\/5641a8b1a4ec81159e8e6250568f250a\"},\"alternateName\":\"AC- Consulenze\",\"potentialAction\":[{\"@type\":\"SearchAction\",\"target\":{\"@type\":\"EntryPoint\",\"urlTemplate\":\"https:\\\/\\\/alfredocino.it\\\/Consulente-Specializzato\\\/?s={search_term_string}\"},\"query-input\":{\"@type\":\"PropertyValueSpecification\",\"valueRequired\":true,\"valueName\":\"search_term_string\"}}],\"inLanguage\":\"it-IT\"},{\"@type\":[\"Person\",\"Organization\"],\"@id\":\"https:\\\/\\\/alfredocino.it\\\/Consulente-Specializzato\\\/#\\\/schema\\\/person\\\/5641a8b1a4ec81159e8e6250568f250a\",\"name\":\"Alfredo\",\"image\":{\"@type\":\"ImageObject\",\"inLanguage\":\"it-IT\",\"@id\":\"https:\\\/\\\/alfredocino.it\\\/Consulente-Specializzato\\\/wp-content\\\/uploads\\\/2024\\\/02\\\/cropped-favicon-ac.png\",\"url\":\"https:\\\/\\\/alfredocino.it\\\/Consulente-Specializzato\\\/wp-content\\\/uploads\\\/2024\\\/02\\\/cropped-favicon-ac.png\",\"contentUrl\":\"https:\\\/\\\/alfredocino.it\\\/Consulente-Specializzato\\\/wp-content\\\/uploads\\\/2024\\\/02\\\/cropped-favicon-ac.png\",\"width\":512,\"height\":512,\"caption\":\"Alfredo\"},\"logo\":{\"@id\":\"https:\\\/\\\/alfredocino.it\\\/Consulente-Specializzato\\\/wp-content\\\/uploads\\\/2024\\\/02\\\/cropped-favicon-ac.png\"},\"sameAs\":[\"https:\\\/\\\/alfredocino.it\\\/Consulente-Specializzato\"]}]}<\/script>\n<!-- \/ Yoast SEO plugin. -->","yoast_head_json":{"title":"Aumento Ricavi Villa: Da 0 a 37.600\u20ac (+118%) | Alfredo Cino","description":"Scopri come una villa partita da zero ha raggiunto 37.600\u20ac di ricavi (+118%) in 3 stagioni. Un caso studio di consulenza strategica e startup","robots":{"index":"index","follow":"follow","max-snippet":"max-snippet:-1","max-image-preview":"max-image-preview:large","max-video-preview":"max-video-preview:-1"},"canonical":"https:\/\/alfredocino.it\/Consulente-Specializzato\/progetti-realizzati\/aumento-ricavi-villa\/","og_locale":"it_IT","og_type":"article","og_title":"Aumento Ricavi Villa: Da 0 a 37.600\u20ac (+118%) | Alfredo Cino","og_description":"Scopri come una villa partita da zero ha raggiunto 37.600\u20ac di ricavi (+118%) in 3 stagioni. Un caso studio di consulenza strategica e startup","og_url":"https:\/\/alfredocino.it\/Consulente-Specializzato\/progetti-realizzati\/aumento-ricavi-villa\/","og_site_name":"Alfredo Cino Consulenza Specializzata in Hospitality","article_modified_time":"2025-11-16T17:41:47+00:00","og_image":[{"width":800,"height":426,"url":"https:\/\/alfredocino.it\/Consulente-Specializzato\/wp-content\/uploads\/2024\/05\/Garbage_In-e1737384297670.jpg","type":"image\/jpeg"}],"twitter_card":"summary_large_image","twitter_misc":{"Tempo di lettura stimato":"3 minuti"},"schema":{"@context":"https:\/\/schema.org","@graph":[{"@type":"WebPage","@id":"https:\/\/alfredocino.it\/Consulente-Specializzato\/progetti-realizzati\/aumento-ricavi-villa\/","url":"https:\/\/alfredocino.it\/Consulente-Specializzato\/progetti-realizzati\/aumento-ricavi-villa\/","name":"Aumento Ricavi Villa: Da 0 a 37.600\u20ac (+118%) | Alfredo Cino","isPartOf":{"@id":"https:\/\/alfredocino.it\/Consulente-Specializzato\/#website"},"datePublished":"2025-11-16T17:27:51+00:00","dateModified":"2025-11-16T17:41:47+00:00","description":"Scopri come una villa partita da zero ha raggiunto 37.600\u20ac di ricavi (+118%) in 3 stagioni. Un caso studio di consulenza strategica e startup","breadcrumb":{"@id":"https:\/\/alfredocino.it\/Consulente-Specializzato\/progetti-realizzati\/aumento-ricavi-villa\/#breadcrumb"},"inLanguage":"it-IT","potentialAction":[{"@type":"ReadAction","target":["https:\/\/alfredocino.it\/Consulente-Specializzato\/progetti-realizzati\/aumento-ricavi-villa\/"]}]},{"@type":"BreadcrumbList","@id":"https:\/\/alfredocino.it\/Consulente-Specializzato\/progetti-realizzati\/aumento-ricavi-villa\/#breadcrumb","itemListElement":[{"@type":"ListItem","position":1,"name":"Home","item":"https:\/\/alfredocino.it\/Consulente-Specializzato\/"},{"@type":"ListItem","position":2,"name":"Casi Studio: Risultati Concreti per Hotel e B&#038;B","item":"https:\/\/alfredocino.it\/Consulente-Specializzato\/progetti-realizzati\/"},{"@type":"ListItem","position":3,"name":"Aumento Ricavi Villa: Da 0 a 37.600\u20ac (+118%) | Alfredo Cino"}]},{"@type":"WebSite","@id":"https:\/\/alfredocino.it\/Consulente-Specializzato\/#website","url":"https:\/\/alfredocino.it\/Consulente-Specializzato\/","name":"Alfredo Cino Consulenze Revenue Management Extra Alberghiero","description":"Commercializzazione e analisi? Lascia fare a me. Tu pensa ad accogliere i tuoi clienti.","publisher":{"@id":"https:\/\/alfredocino.it\/Consulente-Specializzato\/#\/schema\/person\/5641a8b1a4ec81159e8e6250568f250a"},"alternateName":"AC- Consulenze","potentialAction":[{"@type":"SearchAction","target":{"@type":"EntryPoint","urlTemplate":"https:\/\/alfredocino.it\/Consulente-Specializzato\/?s={search_term_string}"},"query-input":{"@type":"PropertyValueSpecification","valueRequired":true,"valueName":"search_term_string"}}],"inLanguage":"it-IT"},{"@type":["Person","Organization"],"@id":"https:\/\/alfredocino.it\/Consulente-Specializzato\/#\/schema\/person\/5641a8b1a4ec81159e8e6250568f250a","name":"Alfredo","image":{"@type":"ImageObject","inLanguage":"it-IT","@id":"https:\/\/alfredocino.it\/Consulente-Specializzato\/wp-content\/uploads\/2024\/02\/cropped-favicon-ac.png","url":"https:\/\/alfredocino.it\/Consulente-Specializzato\/wp-content\/uploads\/2024\/02\/cropped-favicon-ac.png","contentUrl":"https:\/\/alfredocino.it\/Consulente-Specializzato\/wp-content\/uploads\/2024\/02\/cropped-favicon-ac.png","width":512,"height":512,"caption":"Alfredo"},"logo":{"@id":"https:\/\/alfredocino.it\/Consulente-Specializzato\/wp-content\/uploads\/2024\/02\/cropped-favicon-ac.png"},"sameAs":["https:\/\/alfredocino.it\/Consulente-Specializzato"]}]}},"_links":{"self":[{"href":"https:\/\/alfredocino.it\/Consulente-Specializzato\/wp-json\/wp\/v2\/pages\/1403","targetHints":{"allow":["GET"]}}],"collection":[{"href":"https:\/\/alfredocino.it\/Consulente-Specializzato\/wp-json\/wp\/v2\/pages"}],"about":[{"href":"https:\/\/alfredocino.it\/Consulente-Specializzato\/wp-json\/wp\/v2\/types\/page"}],"author":[{"embeddable":true,"href":"https:\/\/alfredocino.it\/Consulente-Specializzato\/wp-json\/wp\/v2\/users\/1"}],"replies":[{"embeddable":true,"href":"https:\/\/alfredocino.it\/Consulente-Specializzato\/wp-json\/wp\/v2\/comments?post=1403"}],"version-history":[{"count":7,"href":"https:\/\/alfredocino.it\/Consulente-Specializzato\/wp-json\/wp\/v2\/pages\/1403\/revisions"}],"predecessor-version":[{"id":1415,"href":"https:\/\/alfredocino.it\/Consulente-Specializzato\/wp-json\/wp\/v2\/pages\/1403\/revisions\/1415"}],"up":[{"embeddable":true,"href":"https:\/\/alfredocino.it\/Consulente-Specializzato\/wp-json\/wp\/v2\/pages\/1382"}],"wp:attachment":[{"href":"https:\/\/alfredocino.it\/Consulente-Specializzato\/wp-json\/wp\/v2\/media?parent=1403"}],"curies":[{"name":"wp","href":"https:\/\/api.w.org\/{rel}","templated":true}]}}