{"id":1484,"date":"2025-11-18T11:37:57","date_gmt":"2025-11-18T11:37:57","guid":{"rendered":"https:\/\/alfredocino.it\/Consulente-Specializzato\/?page_id=1484"},"modified":"2025-11-18T11:41:35","modified_gmt":"2025-11-18T11:41:35","slug":"revenue-management-strategie-tariffarie","status":"publish","type":"page","link":"https:\/\/alfredocino.it\/Consulente-Specializzato\/servizi\/revenue-management-strategie-tariffarie\/","title":{"rendered":"Il Prezzo Giusto non \u00e8 mai fisso."},"content":{"rendered":"\n[et_pb_section fb_built=&#8221;1&#8243; fullwidth=&#8221;on&#8221; admin_label=&#8221;Hero Section&#8221; _builder_version=&#8221;4.16&#8243; global_colors_info=&#8221;{}&#8221; theme_builder_area=&#8221;post_content&#8221;][et_pb_fullwidth_header title=&#8221;Il Prezzo Giusto non \u00e8 mai fisso.&#8221; subhead=&#8221;Abbandona il vecchio listino e inizia a vendere al valore reale del mercato&#8221; background_overlay_color=&#8221;rgba(0,0,0,0.8)&#8221; content_max_width=&#8221;550px&#8221; title_tablet=&#8221;Il Prezzo Giusto non \u00e8 mai fisso.&#8221; title_phone=&#8221;Il Prezzo Giusto non \u00e8 mai fisso.&#8221; title_last_edited=&#8221;on|phone&#8221; subhead_tablet=&#8221;Abbandona il vecchio listino e inizia a vendere al valore reale del mercato&#8221; subhead_phone=&#8221;Abbandona il vecchio listino e inizia a vendere al valore reale del mercato&#8221; subhead_last_edited=&#8221;on|phone&#8221; disabled_on=&#8221;on|on|off&#8221; _builder_version=&#8221;4.21.0&#8243; title_font=&#8221;Poppins|700||on|||||&#8221; title_text_color=&#8221;#edbb5f&#8221; title_font_size=&#8221;14px&#8221; title_letter_spacing=&#8221;2px&#8221; title_line_height=&#8221;1.4em&#8221; content_font=&#8221;Poppins||||||||&#8221; content_font_size=&#8221;16px&#8221; content_letter_spacing=&#8221;1px&#8221; content_line_height=&#8221;2em&#8221; subhead_font=&#8221;Playfair Display|700||||on|||&#8221; subhead_font_size=&#8221;48px&#8221; subhead_letter_spacing=&#8221;3px&#8221; subhead_line_height=&#8221;1.4em&#8221; background_color=&#8221;#FFFFFF&#8221; background_image=&#8221;https:\/\/alfredocino.it\/Consulente-Specializzato\/wp-content\/uploads\/2025\/05\/Grafico1.png&#8221; parallax=&#8221;on&#8221; parallax_method=&#8221;on&#8221; custom_button_one=&#8221;on&#8221; button_one_border_width=&#8221;1px&#8221; button_one_border_color=&#8221;rgba(255,255,255,0.3)&#8221; button_one_border_radius=&#8221;0px&#8221; button_one_letter_spacing=&#8221;1px&#8221; button_one_font=&#8221;Saira Extra Condensed|600||on|||||&#8221; button_one_icon=&#8221;&#x24;||divi||400&#8243; button_one_icon_color=&#8221;#edbb5f&#8221; custom_button_two=&#8221;on&#8221; button_two_border_width=&#8221;1px&#8221; button_two_border_color=&#8221;rgba(255,255,255,0.3)&#8221; button_two_border_radius=&#8221;0px&#8221; button_two_letter_spacing=&#8221;1px&#8221; button_two_font=&#8221;Saira Extra Condensed|600||on|||||&#8221; button_two_icon=&#8221;&#x24;||divi||400&#8243; button_two_icon_color=&#8221;#edbb5f&#8221; module_alignment=&#8221;right&#8221; custom_margin=&#8221;|||&#8221; custom_padding=&#8221;8%||8%|&#8221; hover_enabled=&#8221;0&#8243; background_last_edited=&#8221;on|desktop&#8221; button_one_text_color_hover=&#8221;#edbb5f&#8221; button_two_text_color_hover=&#8221;#edbb5f&#8221; button_one_bg_color_hover=&#8221;rgba(0,0,0,0)&#8221; button_two_bg_color_hover=&#8221;rgba(0,0,0,0)&#8221; global_colors_info=&#8221;{}&#8221; button_one_text_size__hover_enabled=&#8221;off&#8221; button_two_text_size__hover_enabled=&#8221;off&#8221; button_one_text_color__hover_enabled=&#8221;on&#8221; button_one_text_color__hover=&#8221;#edbb5f&#8221; button_two_text_color__hover_enabled=&#8221;on&#8221; button_two_text_color__hover=&#8221;#edbb5f&#8221; button_one_border_width__hover_enabled=&#8221;off&#8221; button_two_border_width__hover_enabled=&#8221;off&#8221; button_one_border_color__hover_enabled=&#8221;off&#8221; button_two_border_color__hover_enabled=&#8221;off&#8221; button_one_border_radius__hover_enabled=&#8221;off&#8221; button_two_border_radius__hover_enabled=&#8221;off&#8221; button_one_letter_spacing__hover_enabled=&#8221;off&#8221; button_two_letter_spacing__hover_enabled=&#8221;off&#8221; button_one_bg_color__hover_enabled=&#8221;on&#8221; button_one_bg_color__hover=&#8221;rgba(0,0,0,0)&#8221; button_two_bg_color__hover_enabled=&#8221;on&#8221; button_two_bg_color__hover=&#8221;rgba(0,0,0,0)&#8221; theme_builder_area=&#8221;post_content&#8221; sticky_enabled=&#8221;0&#8243;]<p>Molti gestori pensano che il &#8220;Revenue Management&#8221; sia solo per le grandi catene!<\/p>[\/et_pb_fullwidth_header][\/et_pb_section][et_pb_section fb_built=&#8221;1&#8243; admin_label=&#8221;Introduction&#8221; _builder_version=&#8221;4.16&#8243; custom_margin=&#8221;|||&#8221; custom_padding=&#8221;99px|0px|121px|0px||&#8221; global_colors_info=&#8221;{}&#8221; theme_builder_area=&#8221;post_content&#8221;][et_pb_row _builder_version=&#8221;4.21.0&#8243; _module_preset=&#8221;default&#8221; global_colors_info=&#8221;{}&#8221; theme_builder_area=&#8221;post_content&#8221;][et_pb_column type=&#8221;4_4&#8243; _builder_version=&#8221;4.21.0&#8243; _module_preset=&#8221;default&#8221; global_colors_info=&#8221;{}&#8221; theme_builder_area=&#8221;post_content&#8221;][et_pb_text _builder_version=&#8221;4.21.0&#8243; _module_preset=&#8221;default&#8221; header_2_font=&#8221;|700|||||||&#8221; header_2_font_size=&#8221;36px&#8221; hover_enabled=&#8221;0&#8243; global_colors_info=&#8221;{}&#8221; theme_builder_area=&#8221;post_content&#8221; sticky_enabled=&#8221;0&#8243;]<h2>Il Prezzo Giusto non \u00e8 mai fisso.<\/h2>\n<h2 data-path-to-node=\"9\"><b>Abbandona il vecchio listino e inizia a vendere al valore reale del mercato.<\/b><\/h2>\n<p data-path-to-node=\"10\">Molti gestori pensano che il &#8220;Revenue Management&#8221; sia solo per le grandi catene <strong>o che significhi svendere le camere all&#8217;ultimo minuto<\/strong>.<\/p>\n<p data-path-to-node=\"10\">La realt\u00e0 \u00e8 diversa. Se utilizzi ancora un listino prezzi statico (es. Bassa, Media e Alta stagione), stai commettendo due errori costosi:<\/p>\n<ol>\n<li data-path-to-node=\"11,0,0\"><b>Quando la domanda \u00e8 alta<\/b>, il listino ti blocca: potresti vendere a 200\u20ac, ma il tuo listino dice 150\u20ac. Stai regalando 50\u20ac a ogni cliente.<\/li>\n<li data-path-to-node=\"11,0,0\"><b>Quando la domanda \u00e8 bassa<\/b>, il listino ti isola: resti vuoto perch\u00e9 sei troppo caro rispetto a ci\u00f2 che il mercato \u00e8 disposto a pagare <i>oggi<\/i>.<\/li>\n<\/ol>\n<p data-path-to-node=\"12\"><strong>Il Revenue Management serve a eliminare questi errori.<\/strong><\/p>[\/et_pb_text][et_pb_text _builder_version=&#8221;4.21.0&#8243; _module_preset=&#8221;default&#8221; theme_builder_area=&#8221;post_content&#8221; hover_enabled=&#8221;0&#8243; sticky_enabled=&#8221;0&#8243;]<h2 data-path-to-node=\"14\"><b>Come funziona (Senza paroloni)<\/b><\/h2>\n<p data-path-to-node=\"14\">Immagina la tua strategia tariffaria come un &#8220;respiro&#8221;. Deve espandersi e contrarsi in armonia con il mercato. Non ci basiamo sulla speranza, ma su tre pilastri concreti:<\/p>\n<p data-path-to-node=\"15\"><b>1. Guardiamo il Passato (Lo Storico)<\/b> Analizzo come hai venduto l&#8217;anno scorso. Ci sono stati weekend in cui hai riempito troppo in fretta a prezzi bassi? L\u00ec abbiamo perso margine. Ci sono state settimane vuote? L\u00ec abbiamo sbagliato posizionamento.<\/p>\n<p data-path-to-node=\"16\"><b>2. Monitoriamo il Presente (Il &#8220;Pace&#8221;)<\/b> \u00c8 il &#8220;ritmo&#8221; delle prenotazioni. Se per agosto sei gi\u00e0 pieno a gennaio, non \u00e8 una buona notizia: <strong><em>significa che sei uscito a un prezzo troppo basso<\/em><\/strong>. Rallentiamo le vendite alzando la tariffa per catturare i clienti che spendono di pi\u00f9 sotto data.<\/p>\n<p data-path-to-node=\"17\"><b>3. Anticipiamo il Futuro (La Domanda)<\/b> Eventi, festivit\u00e0, meteo, competitor. Incrociamo questi dati per capire quando &#8220;spingere&#8221; sul prezzo e quando invece essere pi\u00f9 aggressivi per garantirci l&#8217;occupazione.<\/p>[\/et_pb_text][et_pb_text _builder_version=&#8221;4.21.0&#8243; _module_preset=&#8221;default&#8221; theme_builder_area=&#8221;post_content&#8221; hover_enabled=&#8221;0&#8243; sticky_enabled=&#8221;0&#8243;]<h2 data-path-to-node=\"19\"><b>Cosa faccio per te in pratica<\/b><\/h2>\n<p data-path-to-node=\"19\">Non ti vendo un software che devi imparare a usare. Ti offro una strategia che gestisco io o che ti insegno ad applicare.<\/p>\n<ul data-path-to-node=\"20\">\n<li>\n<p data-path-to-node=\"20,0,0\"><b>Pricing Dinamico:<\/b> Creiamo una griglia tariffaria flessibile. Ogni giorno ha il suo prezzo ideale, che cambia in base a quante camere ti restano.<\/p>\n<\/li>\n<li>\n<p data-path-to-node=\"20,1,0\"><b>Gestione delle Restrizioni:<\/b> Impostiamo regole intelligenti (es. <i>Minimum Stay<\/i> di 2 o 3 notti) per evitare i &#8220;buchi&#8221; nel calendario che ti fanno perdere fatturato.<\/p>\n<\/li>\n<li>\n<p data-path-to-node=\"20,2,0\"><b>Analisi dei Canali:<\/b> Capiamo su quali portali (Booking, Airbnb, Expedia) conviene vendere e a quale prezzo, spingendo sempre per la disintermediazione (vendita diretta).<\/p>\n<\/li>\n<\/ul>[\/et_pb_text][et_pb_text _builder_version=&#8221;4.21.0&#8243; _module_preset=&#8221;default&#8221; theme_builder_area=&#8221;post_content&#8221; hover_enabled=&#8221;0&#8243; sticky_enabled=&#8221;0&#8243;]<h2 data-path-to-node=\"22\"><b>I Risultati che puoi aspettarti<\/b><\/h2>\n<p data-path-to-node=\"22\">Applicare queste tecniche porta benefici misurabili fin dalla prima stagione:<\/p>\n<ul data-path-to-node=\"23\">\n<li>\n<p data-path-to-node=\"23,0,0\"><b>Aumento dell&#8217;ADR (Prezzo Medio):<\/b> Venderai le ultime camere rimaste a un prezzo molto pi\u00f9 alto di quello che avresti osato chiedere col listino fisso.<\/p>\n<\/li>\n<li>\n<p data-path-to-node=\"23,1,0\"><b>Aumento dell&#8217;Occupazione:<\/b> Riempirai i periodi &#8220;morti&#8221; grazie a tariffe pi\u00f9 attrattive e mirate.<\/p>\n<\/li>\n<li>\n<p data-path-to-node=\"23,2,0\"><b>Tranquillit\u00e0:<\/b> Smetterai di guardare i competitor per copiare i loro prezzi. <em><strong>Avrai la tua strategia, basata sui tuoi numeri.<\/strong><\/em><\/p>\n<\/li>\n<\/ul>[\/et_pb_text][\/et_pb_column][\/et_pb_row][et_pb_row _builder_version=&#8221;4.21.0&#8243; _module_preset=&#8221;default&#8221; global_colors_info=&#8221;{}&#8221; theme_builder_area=&#8221;post_content&#8221;][et_pb_column type=&#8221;4_4&#8243; _builder_version=&#8221;4.21.0&#8243; _module_preset=&#8221;default&#8221; global_colors_info=&#8221;{}&#8221; theme_builder_area=&#8221;post_content&#8221;][et_pb_divider _builder_version=&#8221;4.21.0&#8243; _module_preset=&#8221;default&#8221; global_colors_info=&#8221;{}&#8221; theme_builder_area=&#8221;post_content&#8221;][\/et_pb_divider][\/et_pb_column][\/et_pb_row][et_pb_row _builder_version=&#8221;4.21.0&#8243; _module_preset=&#8221;default&#8221; global_colors_info=&#8221;{}&#8221; theme_builder_area=&#8221;post_content&#8221;][et_pb_column type=&#8221;4_4&#8243; _builder_version=&#8221;4.21.0&#8243; _module_preset=&#8221;default&#8221; global_colors_info=&#8221;{}&#8221; theme_builder_area=&#8221;post_content&#8221;][et_pb_cta title=&#8221;Quanto vale davvero la tua camera oggi?&#8221; button_url=&#8221;#Contatti&#8221; button_text=&#8221;Richiedi un&#8217;Analisi delle tue Tariffe&#8221; _builder_version=&#8221;4.21.0&#8243; _module_preset=&#8221;default&#8221; header_font=&#8221;|700||||on|||&#8221; header_text_color=&#8221;#E09900&#8243; background_color=&#8221;#FFFFFF&#8221; custom_button=&#8221;on&#8221; button_font=&#8221;|700|||||||&#8221; background_layout=&#8221;light&#8221; width=&#8221;49%&#8221; max_width=&#8221;49%&#8221; module_alignment=&#8221;center&#8221; link_option_url=&#8221;#Contatti&#8221; hover_enabled=&#8221;0&#8243; border_width_all=&#8221;2px&#8221; border_color_all=&#8221;#FFFFFF&#8221; box_shadow_style=&#8221;preset3&#8243; box_shadow_blur=&#8221;12px&#8221; global_colors_info=&#8221;{}&#8221; theme_builder_area=&#8221;post_content&#8221; sticky_enabled=&#8221;0&#8243;]<p>Smetti di tirare a indovinare. Costruiamo insieme la tua strategia tariffaria per la prossima stagione.<\/p>[\/et_pb_cta][\/et_pb_column][\/et_pb_row][et_pb_row _builder_version=&#8221;4.21.0&#8243; _module_preset=&#8221;default&#8221; global_colors_info=&#8221;{}&#8221; theme_builder_area=&#8221;post_content&#8221;][et_pb_column type=&#8221;4_4&#8243; _builder_version=&#8221;4.21.0&#8243; _module_preset=&#8221;default&#8221; global_colors_info=&#8221;{}&#8221; theme_builder_area=&#8221;post_content&#8221;][et_pb_divider _builder_version=&#8221;4.21.0&#8243; _module_preset=&#8221;default&#8221; global_colors_info=&#8221;{}&#8221; theme_builder_area=&#8221;post_content&#8221;][\/et_pb_divider][\/et_pb_column][\/et_pb_row][\/et_pb_section][et_pb_section fb_built=&#8221;1&#8243; admin_label=&#8221;Problem and Solution&#8221; _builder_version=&#8221;4.16&#8243; background_color=&#8221;#282828&#8243; custom_padding=&#8221;100px|0px|100px|0px&#8221; global_colors_info=&#8221;{}&#8221; theme_builder_area=&#8221;post_content&#8221;][et_pb_row use_custom_gutter=&#8221;on&#8221; gutter_width=&#8221;4&#8243; _builder_version=&#8221;4.16&#8243; animation_style=&#8221;fade&#8221; locked=&#8221;off&#8221; global_colors_info=&#8221;{}&#8221; theme_builder_area=&#8221;post_content&#8221;][et_pb_column type=&#8221;4_4&#8243; _builder_version=&#8221;4.16&#8243; custom_padding=&#8221;|||&#8221; global_colors_info=&#8221;{}&#8221; custom_padding__hover=&#8221;|||&#8221; theme_builder_area=&#8221;post_content&#8221;][et_pb_divider color=&#8221;#edbb5f&#8221; divider_weight=&#8221;2px&#8221; _builder_version=&#8221;4.16&#8243; max_width=&#8221;60px&#8221; module_alignment=&#8221;center&#8221; height=&#8221;2px&#8221; global_colors_info=&#8221;{}&#8221; theme_builder_area=&#8221;post_content&#8221;][\/et_pb_divider][\/et_pb_column][\/et_pb_row][et_pb_row admin_label=&#8221;Stats&#8221; _builder_version=&#8221;4.16&#8243; custom_margin=&#8221;4%|||&#8221; custom_padding=&#8221;|||&#8221; global_colors_info=&#8221;{}&#8221; theme_builder_area=&#8221;post_content&#8221;][et_pb_column type=&#8221;4_4&#8243; _builder_version=&#8221;4.16&#8243; custom_padding=&#8221;|||&#8221; global_colors_info=&#8221;{}&#8221; custom_padding__hover=&#8221;|||&#8221; theme_builder_area=&#8221;post_content&#8221;][et_pb_text _builder_version=&#8221;4.21.0&#8243; _module_preset=&#8221;default&#8221; text_font=&#8221;Baskervville||||||||&#8221; text_text_color=&#8221;#E09900&#8243; text_font_size=&#8221;27px&#8221; global_colors_info=&#8221;{}&#8221; theme_builder_area=&#8221;post_content&#8221;]<p style=\"text-align: center;\">Autonomia o Strategia? Scegli il successo che dura.<\/p>[\/et_pb_text][\/et_pb_column][\/et_pb_row][et_pb_row use_custom_gutter=&#8221;on&#8221; gutter_width=&#8221;4&#8243; _builder_version=&#8221;4.16&#8243; animation_style=&#8221;fade&#8221; locked=&#8221;off&#8221; global_colors_info=&#8221;{}&#8221; theme_builder_area=&#8221;post_content&#8221;][et_pb_column type=&#8221;4_4&#8243; _builder_version=&#8221;4.16&#8243; custom_padding=&#8221;|||&#8221; global_colors_info=&#8221;{}&#8221; custom_padding__hover=&#8221;|||&#8221; theme_builder_area=&#8221;post_content&#8221;][et_pb_divider color=&#8221;#edbb5f&#8221; divider_weight=&#8221;2px&#8221; _builder_version=&#8221;4.16&#8243; max_width=&#8221;60px&#8221; module_alignment=&#8221;center&#8221; height=&#8221;2px&#8221; global_colors_info=&#8221;{}&#8221; theme_builder_area=&#8221;post_content&#8221;][\/et_pb_divider][\/et_pb_column][\/et_pb_row][\/et_pb_section]\n","protected":false},"excerpt":{"rendered":"<p>Molti gestori pensano che il &#8220;Revenue Management&#8221; sia solo per le grandi catene!Il Prezzo Giusto non \u00e8 mai fisso. Abbandona il vecchio listino e inizia a vendere al valore reale del mercato. Molti gestori pensano che il &#8220;Revenue Management&#8221; sia solo per le grandi catene o che significhi svendere le camere all&#8217;ultimo minuto. La realt\u00e0 [&hellip;]<\/p>\n","protected":false},"author":1,"featured_media":0,"parent":1456,"menu_order":0,"comment_status":"closed","ping_status":"closed","template":"","meta":{"_et_pb_use_builder":"on","_et_pb_old_content":"","_et_gb_content_width":"","footnotes":""},"class_list":["post-1484","page","type-page","status-publish","hentry"],"yoast_head":"<!-- This site is optimized with the Yoast SEO plugin v27.3 - https:\/\/yoast.com\/product\/yoast-seo-wordpress\/ -->\n<title>Revenue Management Hotel\/B&amp;B: Strategie che migliorano i Ricavi<\/title>\n<meta name=\"description\" content=\"Listino fisso = guadagni limitati. Applichiamo il Revenue Management in modo semplice al tuo Hotel\/B&amp;B. Aumenta occupazione e prezzo medio.\" \/>\n<meta name=\"robots\" content=\"index, follow, max-snippet:-1, max-image-preview:large, max-video-preview:-1\" \/>\n<link rel=\"canonical\" href=\"https:\/\/alfredocino.it\/Consulente-Specializzato\/servizi\/revenue-management-strategie-tariffarie\/\" \/>\n<meta property=\"og:locale\" content=\"it_IT\" \/>\n<meta property=\"og:type\" content=\"article\" \/>\n<meta property=\"og:title\" content=\"Revenue Management Hotel\/B&amp;B: Strategie che migliorano i Ricavi\" \/>\n<meta property=\"og:description\" content=\"Listino fisso = guadagni limitati. Applichiamo il Revenue Management in modo semplice al tuo Hotel\/B&amp;B. Aumenta occupazione e prezzo medio.\" \/>\n<meta property=\"og:url\" content=\"https:\/\/alfredocino.it\/Consulente-Specializzato\/servizi\/revenue-management-strategie-tariffarie\/\" \/>\n<meta property=\"og:site_name\" content=\"Alfredo Cino Consulenza Specializzata in Hospitality\" \/>\n<meta property=\"article:modified_time\" content=\"2025-11-18T11:41:35+00:00\" \/>\n<meta property=\"og:image\" content=\"https:\/\/alfredocino.it\/Consulente-Specializzato\/wp-content\/uploads\/2024\/05\/Garbage_In-e1737384297670.jpg\" \/>\n\t<meta property=\"og:image:width\" content=\"800\" \/>\n\t<meta property=\"og:image:height\" content=\"426\" \/>\n\t<meta property=\"og:image:type\" content=\"image\/jpeg\" \/>\n<meta name=\"twitter:card\" content=\"summary_large_image\" \/>\n<meta name=\"twitter:label1\" content=\"Tempo di lettura stimato\" \/>\n\t<meta name=\"twitter:data1\" content=\"3 minuti\" \/>\n<script type=\"application\/ld+json\" class=\"yoast-schema-graph\">{\"@context\":\"https:\\\/\\\/schema.org\",\"@graph\":[{\"@type\":\"WebPage\",\"@id\":\"https:\\\/\\\/alfredocino.it\\\/Consulente-Specializzato\\\/servizi\\\/revenue-management-strategie-tariffarie\\\/\",\"url\":\"https:\\\/\\\/alfredocino.it\\\/Consulente-Specializzato\\\/servizi\\\/revenue-management-strategie-tariffarie\\\/\",\"name\":\"Revenue Management Hotel\\\/B&B: Strategie che migliorano i Ricavi\",\"isPartOf\":{\"@id\":\"https:\\\/\\\/alfredocino.it\\\/Consulente-Specializzato\\\/#website\"},\"datePublished\":\"2025-11-18T11:37:57+00:00\",\"dateModified\":\"2025-11-18T11:41:35+00:00\",\"description\":\"Listino fisso = guadagni limitati. Applichiamo il Revenue Management in modo semplice al tuo Hotel\\\/B&B. Aumenta occupazione e prezzo medio.\",\"breadcrumb\":{\"@id\":\"https:\\\/\\\/alfredocino.it\\\/Consulente-Specializzato\\\/servizi\\\/revenue-management-strategie-tariffarie\\\/#breadcrumb\"},\"inLanguage\":\"it-IT\",\"potentialAction\":[{\"@type\":\"ReadAction\",\"target\":[\"https:\\\/\\\/alfredocino.it\\\/Consulente-Specializzato\\\/servizi\\\/revenue-management-strategie-tariffarie\\\/\"]}]},{\"@type\":\"BreadcrumbList\",\"@id\":\"https:\\\/\\\/alfredocino.it\\\/Consulente-Specializzato\\\/servizi\\\/revenue-management-strategie-tariffarie\\\/#breadcrumb\",\"itemListElement\":[{\"@type\":\"ListItem\",\"position\":1,\"name\":\"Home\",\"item\":\"https:\\\/\\\/alfredocino.it\\\/Consulente-Specializzato\\\/\"},{\"@type\":\"ListItem\",\"position\":2,\"name\":\"Soluzioni Concrete per Hotel e B&#038;B: Dal Revenue al Controllo di Gestione\",\"item\":\"https:\\\/\\\/alfredocino.it\\\/Consulente-Specializzato\\\/servizi\\\/\"},{\"@type\":\"ListItem\",\"position\":3,\"name\":\"Il Prezzo Giusto non \u00e8 mai fisso.\"}]},{\"@type\":\"WebSite\",\"@id\":\"https:\\\/\\\/alfredocino.it\\\/Consulente-Specializzato\\\/#website\",\"url\":\"https:\\\/\\\/alfredocino.it\\\/Consulente-Specializzato\\\/\",\"name\":\"Alfredo Cino Consulenze Revenue Management Extra Alberghiero\",\"description\":\"Commercializzazione e analisi? Lascia fare a me. Tu pensa ad accogliere i tuoi clienti.\",\"publisher\":{\"@id\":\"https:\\\/\\\/alfredocino.it\\\/Consulente-Specializzato\\\/#\\\/schema\\\/person\\\/5641a8b1a4ec81159e8e6250568f250a\"},\"alternateName\":\"AC- Consulenze\",\"potentialAction\":[{\"@type\":\"SearchAction\",\"target\":{\"@type\":\"EntryPoint\",\"urlTemplate\":\"https:\\\/\\\/alfredocino.it\\\/Consulente-Specializzato\\\/?s={search_term_string}\"},\"query-input\":{\"@type\":\"PropertyValueSpecification\",\"valueRequired\":true,\"valueName\":\"search_term_string\"}}],\"inLanguage\":\"it-IT\"},{\"@type\":[\"Person\",\"Organization\"],\"@id\":\"https:\\\/\\\/alfredocino.it\\\/Consulente-Specializzato\\\/#\\\/schema\\\/person\\\/5641a8b1a4ec81159e8e6250568f250a\",\"name\":\"Alfredo\",\"image\":{\"@type\":\"ImageObject\",\"inLanguage\":\"it-IT\",\"@id\":\"https:\\\/\\\/alfredocino.it\\\/Consulente-Specializzato\\\/wp-content\\\/uploads\\\/2024\\\/02\\\/cropped-favicon-ac.png\",\"url\":\"https:\\\/\\\/alfredocino.it\\\/Consulente-Specializzato\\\/wp-content\\\/uploads\\\/2024\\\/02\\\/cropped-favicon-ac.png\",\"contentUrl\":\"https:\\\/\\\/alfredocino.it\\\/Consulente-Specializzato\\\/wp-content\\\/uploads\\\/2024\\\/02\\\/cropped-favicon-ac.png\",\"width\":512,\"height\":512,\"caption\":\"Alfredo\"},\"logo\":{\"@id\":\"https:\\\/\\\/alfredocino.it\\\/Consulente-Specializzato\\\/wp-content\\\/uploads\\\/2024\\\/02\\\/cropped-favicon-ac.png\"},\"sameAs\":[\"https:\\\/\\\/alfredocino.it\\\/Consulente-Specializzato\"]}]}<\/script>\n<!-- \/ Yoast SEO plugin. -->","yoast_head_json":{"title":"Revenue Management Hotel\/B&B: Strategie che migliorano i Ricavi","description":"Listino fisso = guadagni limitati. Applichiamo il Revenue Management in modo semplice al tuo Hotel\/B&B. Aumenta occupazione e prezzo medio.","robots":{"index":"index","follow":"follow","max-snippet":"max-snippet:-1","max-image-preview":"max-image-preview:large","max-video-preview":"max-video-preview:-1"},"canonical":"https:\/\/alfredocino.it\/Consulente-Specializzato\/servizi\/revenue-management-strategie-tariffarie\/","og_locale":"it_IT","og_type":"article","og_title":"Revenue Management Hotel\/B&B: Strategie che migliorano i Ricavi","og_description":"Listino fisso = guadagni limitati. Applichiamo il Revenue Management in modo semplice al tuo Hotel\/B&B. Aumenta occupazione e prezzo medio.","og_url":"https:\/\/alfredocino.it\/Consulente-Specializzato\/servizi\/revenue-management-strategie-tariffarie\/","og_site_name":"Alfredo Cino Consulenza Specializzata in Hospitality","article_modified_time":"2025-11-18T11:41:35+00:00","og_image":[{"width":800,"height":426,"url":"https:\/\/alfredocino.it\/Consulente-Specializzato\/wp-content\/uploads\/2024\/05\/Garbage_In-e1737384297670.jpg","type":"image\/jpeg"}],"twitter_card":"summary_large_image","twitter_misc":{"Tempo di lettura stimato":"3 minuti"},"schema":{"@context":"https:\/\/schema.org","@graph":[{"@type":"WebPage","@id":"https:\/\/alfredocino.it\/Consulente-Specializzato\/servizi\/revenue-management-strategie-tariffarie\/","url":"https:\/\/alfredocino.it\/Consulente-Specializzato\/servizi\/revenue-management-strategie-tariffarie\/","name":"Revenue Management Hotel\/B&B: Strategie che migliorano i Ricavi","isPartOf":{"@id":"https:\/\/alfredocino.it\/Consulente-Specializzato\/#website"},"datePublished":"2025-11-18T11:37:57+00:00","dateModified":"2025-11-18T11:41:35+00:00","description":"Listino fisso = guadagni limitati. Applichiamo il Revenue Management in modo semplice al tuo Hotel\/B&B. Aumenta occupazione e prezzo medio.","breadcrumb":{"@id":"https:\/\/alfredocino.it\/Consulente-Specializzato\/servizi\/revenue-management-strategie-tariffarie\/#breadcrumb"},"inLanguage":"it-IT","potentialAction":[{"@type":"ReadAction","target":["https:\/\/alfredocino.it\/Consulente-Specializzato\/servizi\/revenue-management-strategie-tariffarie\/"]}]},{"@type":"BreadcrumbList","@id":"https:\/\/alfredocino.it\/Consulente-Specializzato\/servizi\/revenue-management-strategie-tariffarie\/#breadcrumb","itemListElement":[{"@type":"ListItem","position":1,"name":"Home","item":"https:\/\/alfredocino.it\/Consulente-Specializzato\/"},{"@type":"ListItem","position":2,"name":"Soluzioni Concrete per Hotel e B&#038;B: Dal Revenue al Controllo di Gestione","item":"https:\/\/alfredocino.it\/Consulente-Specializzato\/servizi\/"},{"@type":"ListItem","position":3,"name":"Il Prezzo Giusto non \u00e8 mai fisso."}]},{"@type":"WebSite","@id":"https:\/\/alfredocino.it\/Consulente-Specializzato\/#website","url":"https:\/\/alfredocino.it\/Consulente-Specializzato\/","name":"Alfredo Cino Consulenze Revenue Management Extra Alberghiero","description":"Commercializzazione e analisi? Lascia fare a me. Tu pensa ad accogliere i tuoi clienti.","publisher":{"@id":"https:\/\/alfredocino.it\/Consulente-Specializzato\/#\/schema\/person\/5641a8b1a4ec81159e8e6250568f250a"},"alternateName":"AC- Consulenze","potentialAction":[{"@type":"SearchAction","target":{"@type":"EntryPoint","urlTemplate":"https:\/\/alfredocino.it\/Consulente-Specializzato\/?s={search_term_string}"},"query-input":{"@type":"PropertyValueSpecification","valueRequired":true,"valueName":"search_term_string"}}],"inLanguage":"it-IT"},{"@type":["Person","Organization"],"@id":"https:\/\/alfredocino.it\/Consulente-Specializzato\/#\/schema\/person\/5641a8b1a4ec81159e8e6250568f250a","name":"Alfredo","image":{"@type":"ImageObject","inLanguage":"it-IT","@id":"https:\/\/alfredocino.it\/Consulente-Specializzato\/wp-content\/uploads\/2024\/02\/cropped-favicon-ac.png","url":"https:\/\/alfredocino.it\/Consulente-Specializzato\/wp-content\/uploads\/2024\/02\/cropped-favicon-ac.png","contentUrl":"https:\/\/alfredocino.it\/Consulente-Specializzato\/wp-content\/uploads\/2024\/02\/cropped-favicon-ac.png","width":512,"height":512,"caption":"Alfredo"},"logo":{"@id":"https:\/\/alfredocino.it\/Consulente-Specializzato\/wp-content\/uploads\/2024\/02\/cropped-favicon-ac.png"},"sameAs":["https:\/\/alfredocino.it\/Consulente-Specializzato"]}]}},"_links":{"self":[{"href":"https:\/\/alfredocino.it\/Consulente-Specializzato\/wp-json\/wp\/v2\/pages\/1484","targetHints":{"allow":["GET"]}}],"collection":[{"href":"https:\/\/alfredocino.it\/Consulente-Specializzato\/wp-json\/wp\/v2\/pages"}],"about":[{"href":"https:\/\/alfredocino.it\/Consulente-Specializzato\/wp-json\/wp\/v2\/types\/page"}],"author":[{"embeddable":true,"href":"https:\/\/alfredocino.it\/Consulente-Specializzato\/wp-json\/wp\/v2\/users\/1"}],"replies":[{"embeddable":true,"href":"https:\/\/alfredocino.it\/Consulente-Specializzato\/wp-json\/wp\/v2\/comments?post=1484"}],"version-history":[{"count":6,"href":"https:\/\/alfredocino.it\/Consulente-Specializzato\/wp-json\/wp\/v2\/pages\/1484\/revisions"}],"predecessor-version":[{"id":1490,"href":"https:\/\/alfredocino.it\/Consulente-Specializzato\/wp-json\/wp\/v2\/pages\/1484\/revisions\/1490"}],"up":[{"embeddable":true,"href":"https:\/\/alfredocino.it\/Consulente-Specializzato\/wp-json\/wp\/v2\/pages\/1456"}],"wp:attachment":[{"href":"https:\/\/alfredocino.it\/Consulente-Specializzato\/wp-json\/wp\/v2\/media?parent=1484"}],"curies":[{"name":"wp","href":"https:\/\/api.w.org\/{rel}","templated":true}]}}